{"id":8,"date":"2025-07-12T12:42:56","date_gmt":"2025-07-12T12:42:56","guid":{"rendered":"https:\/\/atelierglaz-archi.com\/about-2\/"},"modified":"2026-04-10T15:37:19","modified_gmt":"2026-04-10T15:37:19","slug":"a-propos","status":"publish","type":"page","link":"https:\/\/atelierglaz-archi.com\/en\/a-propos\/","title":{"rendered":"About"},"content":{"rendered":"<div data-elementor-type=\"wp-post\" data-elementor-id=\"8\" class=\"elementor elementor-8\">\n\t\t\t\t<div class=\"elementor-element elementor-element-9d68dd7 e-flex e-con-boxed e-con e-parent\" data-id=\"9d68dd7\" data-element_type=\"container\" data-e-type=\"container\" data-settings=\"{&quot;background_background&quot;:&quot;classic&quot;}\">\n\t\t\t\t\t<div class=\"e-con-inner\">\n\t\t<div class=\"elementor-element elementor-element-3b3b8fb e-con-full e-flex e-con e-child\" data-id=\"3b3b8fb\" data-element_type=\"container\" data-e-type=\"container\">\n\t\t\t\t<div class=\"elementor-element elementor-element-f65bf94 elementor-widget elementor-widget-heading\" data-id=\"f65bf94\" data-element_type=\"widget\" data-e-type=\"widget\" data-widget_type=\"heading.default\">\n\t\t\t\t<div class=\"elementor-widget-container\">\n\t\t\t\t\t<h1 class=\"elementor-heading-title elementor-size-default\">Atelier Glaz : Agence d\u2019Architecture et Design d\u2019Int\u00e9rieur en Bretagne Sud<\/h1>\t\t\t\t<\/div>\n\t\t\t\t<\/div>\n\t\t\t\t<\/div>\n\t\t\t\t\t<\/div>\n\t\t\t\t<\/div>\n\t\t<div class=\"elementor-element elementor-element-6708bb8 e-con-full e-flex e-con e-child\" data-id=\"6708bb8\" data-element_type=\"container\" data-e-type=\"container\">\n\t\t\t\t<div class=\"elementor-element elementor-element-1cce480 elementor-widget elementor-widget-heading\" data-id=\"1cce480\" data-element_type=\"widget\" data-e-type=\"widget\" data-widget_type=\"heading.default\">\n\t\t\t\t<div class=\"elementor-widget-container\">\n\t\t\t\t\t<h2 class=\"elementor-heading-title elementor-size-default\">Harmony between Local Context and Global Vision<\/h2>\t\t\t\t<\/div>\n\t\t\t\t<\/div>\n\t\t\t\t<\/div>\n\t\t<div class=\"elementor-element elementor-element-948f900 e-flex e-con-boxed e-con e-parent\" data-id=\"948f900\" data-element_type=\"container\" data-e-type=\"container\">\n\t\t\t\t\t<div class=\"e-con-inner\">\n\t\t<div class=\"elementor-element elementor-element-ef1c29c e-con-full e-flex e-con e-child\" data-id=\"ef1c29c\" data-element_type=\"container\" data-e-type=\"container\">\n\t\t\t\t<div class=\"elementor-element elementor-element-378425b elementor-widget elementor-widget-heading\" data-id=\"378425b\" data-element_type=\"widget\" data-e-type=\"widget\" data-widget_type=\"heading.default\">\n\t\t\t\t<div class=\"elementor-widget-container\">\n\t\t\t\t\t<h2 class=\"elementor-heading-title elementor-size-default\">About us<\/h2>\t\t\t\t<\/div>\n\t\t\t\t<\/div>\n\t\t\t\t<\/div>\n\t\t<div class=\"elementor-element elementor-element-1380a70 e-con-full e-flex e-con e-child\" data-id=\"1380a70\" data-element_type=\"container\" data-e-type=\"container\">\n\t\t\t\t<div class=\"elementor-element elementor-element-d7d4bbb elementor-widget elementor-widget-text-editor\" data-id=\"d7d4bbb\" data-element_type=\"widget\" data-e-type=\"widget\" data-widget_type=\"text-editor.default\">\n\t\t\t\t<div class=\"elementor-widget-container\">\n\t\t\t\t\t\t\t\t\t<p style=\"font-style: normal; caret-color: #000000; color: #000000;\" data-start=\"239\" data-end=\"651\">Atelier Glaz is an architecture and interior design studio originally founded in Bali and now based in Brittany, France. Established in 2019 under the name\u00a0<strong data-start=\"389\" data-end=\"408\">M Plus T Studio<\/strong>, our practice builds on more than 25 years of combined experience. We have worked on a wide range of projects across Asia from private residences to luxury resorts and spas, as well as large scale urban developments.<\/p><p style=\"font-style: normal; caret-color: #000000; color: #000000;\" data-start=\"653\" data-end=\"921\">We are an authentically Indonesian firm with both French and Indonesian heritage. This dual background informs a unique design approach\u2014one that blends eastern and western ideologies into a cohesive, thoughtful aesthetic. Our international perspective, combined with hands-on experience across diverse cultural and environmental landscapes, allows us to create spaces that feel grounded, refined, and timeless.<\/p><p style=\"font-style: normal; caret-color: #000000; color: #000000;\" data-start=\"923\" data-end=\"1197\">Over the years, we\u2019ve developed a deep relationship with nature, which continues to shape the way we design. From eco-conscious landscape planning to the creative use of reclaimed and local materials, our commitment to sustainability remains at the core of our practice. Whether it\u2019s a private home or a large hospitality project, we strive to create places that resonate with their surroundings and with the people who inhabit them.<\/p><p style=\"font-style: normal; caret-color: #000000; color: #000000;\" data-start=\"1199\" data-end=\"1490\">In 2025, we became <strong data-start=\"1228\" data-end=\"1244\">Atelier Glaz<\/strong>\u00a0to mark a new chapter in France. We continue our journey with renewed focus on architecture and interior design, while staying true to our creative roots and our passion for thoughtfully designed spaces.<\/p>\t\t\t\t\t\t\t\t<\/div>\n\t\t\t\t<\/div>\n\t\t\t\t<\/div>\n\t\t\t\t\t<\/div>\n\t\t\t\t<\/div>\n\t\t<div class=\"elementor-element elementor-element-8489d12 e-flex e-con-boxed e-con e-parent\" data-id=\"8489d12\" data-element_type=\"container\" data-e-type=\"container\">\n\t\t\t\t\t<div class=\"e-con-inner\">\n\t\t<div class=\"elementor-element elementor-element-2d94905 e-con-full e-flex e-con e-child\" data-id=\"2d94905\" data-element_type=\"container\" data-e-type=\"container\">\n\t\t\t\t<div class=\"elementor-element elementor-element-5b1ca42 elementor-widget elementor-widget-heading\" data-id=\"5b1ca42\" data-element_type=\"widget\" data-e-type=\"widget\" data-widget_type=\"heading.default\">\n\t\t\t\t<div class=\"elementor-widget-container\">\n\t\t\t\t\t<h2 class=\"elementor-heading-title elementor-size-default\">Morgane Monfort - Architecte HMONP<\/h2>\t\t\t\t<\/div>\n\t\t\t\t<\/div>\n\t\t\t\t<div class=\"elementor-element elementor-element-73fc281 elementor-widget elementor-widget-text-editor\" data-id=\"73fc281\" data-element_type=\"widget\" data-e-type=\"widget\" data-widget_type=\"text-editor.default\">\n\t\t\t\t<div class=\"elementor-widget-container\">\n\t\t\t\t\t\t\t\t\t<p data-start=\"197\" data-end=\"759\" class=\"translation-block\">She is one of the founding partners of Atelier Glaz, an architecture and interior design studio committed to a sensitive, contextual, and contemporary approach. With a Master's degree in architecture from the Architecture school of Bretagne and accredited as a project manager in her own name (HMONP) at Architecture school of Clermont-Ferrand, she began her career at Fabrication, a studio based in Amsterdam, before moving to Bali in 2013, where she worked on major hotel and residential projects internationally.<\/p><p data-start=\"761\" data-end=\"1506\">Her professional experience has led her to positions of high responsibility, notably as Project Director and Studio Manager at Intaran Design (Karl Princic Design), where she led projects such as <strong><a title=\"Radisson Blu Uluwatu\" href=\"https:\/\/www.instagram.com\/radissonblubaliuluwatu\/\" target=\"_blank\" rel=\"noopener\"><span style=\"text-decoration: underline;\">Radisson Blu Uluwatu<\/span><\/a><\/strong>, Rosewood Hoi An in Vietnam, Rosewood Hermana Mayor in Philippines, and Cheval Blanc Bali (LVMH group). In 2022, she joined Studio Jenquel as a senior architect, continuing to develop high-end residential projects. In 2019, she co-managed her own studio, first in Bali under the name <strong>M Plus T Studio<\/strong>, now relocated to France and renamed <strong data-start=\"1376\" data-end=\"1392\">Atelier Glaz<\/strong>, to extend an architectural vision nourished by her international experiences and her attention to detail.<\/p>\t\t\t\t\t\t\t\t<\/div>\n\t\t\t\t<\/div>\n\t\t\t\t<\/div>\n\t\t<div class=\"elementor-element elementor-element-f65fd1f e-con-full e-flex e-con e-child\" data-id=\"f65fd1f\" data-element_type=\"container\" data-e-type=\"container\">\n\t\t<div class=\"elementor-element elementor-element-8a222df e-con-full e-flex e-con e-child\" data-id=\"8a222df\" data-element_type=\"container\" data-e-type=\"container\">\n\t\t\t\t<div class=\"elementor-element elementor-element-a2eed0c elementor-widget elementor-widget-image\" data-id=\"a2eed0c\" data-element_type=\"widget\" data-e-type=\"widget\" data-widget_type=\"image.default\">\n\t\t\t\t<div class=\"elementor-widget-container\">\n\t\t\t\t\t\t\t\t\t\t\t\t\t\t\t<img fetchpriority=\"high\" decoding=\"async\" width=\"768\" height=\"1024\" src=\"https:\/\/atelierglaz-archi.com\/wp-content\/uploads\/2026\/02\/Morgane-Monfort-Architecte-Atelier-Glaz-768x1024.webp\" class=\"attachment-medium_large size-medium_large wp-image-6330\" alt=\"Architecture durable Bretagne Sud\" srcset=\"https:\/\/atelierglaz-archi.com\/wp-content\/uploads\/2026\/02\/Morgane-Monfort-Architecte-Atelier-Glaz-768x1024.webp 768w, https:\/\/atelierglaz-archi.com\/wp-content\/uploads\/2026\/02\/Morgane-Monfort-Architecte-Atelier-Glaz-225x300.webp 225w, https:\/\/atelierglaz-archi.com\/wp-content\/uploads\/2026\/02\/Morgane-Monfort-Architecte-Atelier-Glaz-9x12.webp 9w, https:\/\/atelierglaz-archi.com\/wp-content\/uploads\/2026\/02\/Morgane-Monfort-Architecte-Atelier-Glaz.webp 800w\" sizes=\"(max-width: 768px) 100vw, 768px\" title=\"\">\t\t\t\t\t\t\t\t\t\t\t\t\t\t\t<\/div>\n\t\t\t\t<\/div>\n\t\t\t\t<\/div>\n\t\t\t\t<\/div>\n\t\t\t\t\t<\/div>\n\t\t\t\t<\/div>\n\t\t<div class=\"elementor-element elementor-element-6ac34aa e-flex e-con-boxed e-con e-parent\" data-id=\"6ac34aa\" data-element_type=\"container\" data-e-type=\"container\">\n\t\t\t\t\t<div class=\"e-con-inner\">\n\t\t<div class=\"elementor-element elementor-element-af03449 e-con-full e-flex e-con e-child\" data-id=\"af03449\" data-element_type=\"container\" data-e-type=\"container\">\n\t\t\t\t<div class=\"elementor-element elementor-element-4e3da5e elementor-widget elementor-widget-heading\" data-id=\"4e3da5e\" data-element_type=\"widget\" data-e-type=\"widget\" data-widget_type=\"heading.default\">\n\t\t\t\t<div class=\"elementor-widget-container\">\n\t\t\t\t\t<h2 class=\"elementor-heading-title elementor-size-default\">Toyo Sanjaya<\/h2>\t\t\t\t<\/div>\n\t\t\t\t<\/div>\n\t\t\t\t<div class=\"elementor-element elementor-element-afc8921 elementor-widget elementor-widget-text-editor\" data-id=\"afc8921\" data-element_type=\"widget\" data-e-type=\"widget\" data-widget_type=\"text-editor.default\">\n\t\t\t\t<div class=\"elementor-widget-container\">\n\t\t\t\t\t\t\t\t\t<p data-start=\"94\" data-end=\"742\">He is one of the founding partners of<strong>Atelier Glaz.<\/strong> Born and raised in Bali, within a family deeply connected to Balinese culture and landscape, he developed an early sensitivity to art, nature, and hospitality. This background naturally led him to pursue architecture as a discipline that harmonizes built form with landscape and local craftsmanship. His passion for photography further refines his perception of light, proportion, texture, and composition - qualities that subtly inform and enrich each project he undertakes.<\/p><p data-start=\"744\" data-end=\"1583\" data-is-last-node=\"\" data-is-only-node=\"\">A graduate of the Faculty of Architecture at Udayana University, Bali (2012), he has gained extensive experience in architecture, landscape, and design through international projects, particularly within the luxury hospitality sector in Southeast Asia. His professional journey includes roles as Assistant Project Manager at Intaran Design, contributing to projects such as The Pushang Resort in Shaoxing, Anantara Residences in Phuket, Waldorf Astoria Resort, and Six Senses Hotel in Bali, and later as Landscape Project Manager at PT Airmas Asri in Jakarta, where he worked on high-rise developments including The Pakubuwono Menteng Apartment. These experiences have strengthened his expertise in masterplanning and design detailing, shaping a rigorous yet sensitive approach to architecture.<\/p>\t\t\t\t\t\t\t\t<\/div>\n\t\t\t\t<\/div>\n\t\t\t\t<\/div>\n\t\t<div class=\"elementor-element elementor-element-172df89 e-con-full e-flex e-con e-child\" data-id=\"172df89\" data-element_type=\"container\" data-e-type=\"container\">\n\t\t<div class=\"elementor-element elementor-element-5543e4a e-con-full e-flex e-con e-child\" data-id=\"5543e4a\" data-element_type=\"container\" data-e-type=\"container\">\n\t\t\t\t<div class=\"elementor-element elementor-element-4bac05e elementor-widget elementor-widget-image\" data-id=\"4bac05e\" data-element_type=\"widget\" data-e-type=\"widget\" data-widget_type=\"image.default\">\n\t\t\t\t<div class=\"elementor-widget-container\">\n\t\t\t\t\t\t\t\t\t\t\t\t\t\t\t<img decoding=\"async\" width=\"768\" height=\"1024\" src=\"https:\/\/atelierglaz-archi.com\/wp-content\/uploads\/2026\/02\/Toyo-Sanjaya-Architecte-Atelier-Glaz-768x1024.webp\" class=\"attachment-medium_large size-medium_large wp-image-6331\" alt=\"Atelier Glaz Architecture \u00c9quipe\" srcset=\"https:\/\/atelierglaz-archi.com\/wp-content\/uploads\/2026\/02\/Toyo-Sanjaya-Architecte-Atelier-Glaz-768x1024.webp 768w, https:\/\/atelierglaz-archi.com\/wp-content\/uploads\/2026\/02\/Toyo-Sanjaya-Architecte-Atelier-Glaz-225x300.webp 225w, https:\/\/atelierglaz-archi.com\/wp-content\/uploads\/2026\/02\/Toyo-Sanjaya-Architecte-Atelier-Glaz-9x12.webp 9w, https:\/\/atelierglaz-archi.com\/wp-content\/uploads\/2026\/02\/Toyo-Sanjaya-Architecte-Atelier-Glaz.webp 800w\" sizes=\"(max-width: 768px) 100vw, 768px\" title=\"\">\t\t\t\t\t\t\t\t\t\t\t\t\t\t\t<\/div>\n\t\t\t\t<\/div>\n\t\t\t\t<\/div>\n\t\t\t\t<\/div>\n\t\t\t\t\t<\/div>\n\t\t\t\t<\/div>\n\t\t<div class=\"elementor-element elementor-element-b9a5f04 e-flex e-con-boxed e-con e-parent\" data-id=\"b9a5f04\" data-element_type=\"container\" data-e-type=\"container\">\n\t\t\t\t\t<div class=\"e-con-inner\">\n\t\t<div class=\"elementor-element elementor-element-8f5e79f e-con-full e-flex e-con e-child\" data-id=\"8f5e79f\" data-element_type=\"container\" data-e-type=\"container\">\n\t\t\t\t<div class=\"elementor-element elementor-element-a617f78 elementor-widget elementor-widget-text-editor\" data-id=\"a617f78\" data-element_type=\"widget\" data-e-type=\"widget\" data-widget_type=\"text-editor.default\">\n\t\t\t\t<div class=\"elementor-widget-container\">\n\t\t\t\t\t\t\t\t\t<p><b>Looking for global design expertise?<\/b><\/p><p>Tell us about your needs.<\/p>\t\t\t\t\t\t\t\t<\/div>\n\t\t\t\t<\/div>\n\t\t\t\t<div class=\"elementor-element elementor-element-1076b40 elementor-align-center elementor-widget elementor-widget-button\" data-id=\"1076b40\" data-element_type=\"widget\" data-e-type=\"widget\" data-widget_type=\"button.default\">\n\t\t\t\t<div class=\"elementor-widget-container\">\n\t\t\t\t\t\t\t\t\t<div class=\"elementor-button-wrapper\">\n\t\t\t\t\t<a class=\"elementor-button elementor-button-link elementor-size-sm\" href=\"https:\/\/atelierglaz-archi.com\/en\/contact\/\">\n\t\t\t\t\t\t<span class=\"elementor-button-content-wrapper\">\n\t\t\t\t\t\t<span class=\"elementor-button-icon\">\n\t\t\t\t<i aria-hidden=\"true\" class=\"fas fa-circle\"><\/i>\t\t\t<\/span>\n\t\t\t\t\t\t\t\t\t<span class=\"elementor-button-text\">Contact Us<\/span>\n\t\t\t\t\t<\/span>\n\t\t\t\t\t<\/a>\n\t\t\t\t<\/div>\n\t\t\t\t\t\t\t\t<\/div>\n\t\t\t\t<\/div>\n\t\t\t\t<\/div>\n\t\t\t\t\t<\/div>\n\t\t\t\t<\/div>\n\t\t<div class=\"elementor-element elementor-element-1982659 e-flex e-con-boxed e-con e-parent\" data-id=\"1982659\" data-element_type=\"container\" data-e-type=\"container\">\n\t\t\t\t\t<div class=\"e-con-inner\">\n\t\t<div class=\"elementor-element elementor-element-f28f2bc e-con-full e-flex e-con e-child\" data-id=\"f28f2bc\" data-element_type=\"container\" data-e-type=\"container\">\n\t\t<div class=\"elementor-element elementor-element-4311312 e-con-full e-flex e-con e-child\" data-id=\"4311312\" data-element_type=\"container\" data-e-type=\"container\">\n\t\t\t\t<div class=\"elementor-element elementor-element-287aba4 elementor-widget elementor-widget-button\" data-id=\"287aba4\" data-element_type=\"widget\" data-e-type=\"widget\" data-widget_type=\"button.default\">\n\t\t\t\t<div class=\"elementor-widget-container\">\n\t\t\t\t\t\t\t\t\t<div class=\"elementor-button-wrapper\">\n\t\t\t\t\t<a class=\"elementor-button elementor-button-link elementor-size-sm\" href=\"https:\/\/atelierglaz-archi.com\/en\/\">\n\t\t\t\t\t\t<span class=\"elementor-button-content-wrapper\">\n\t\t\t\t\t\t<span class=\"elementor-button-icon\">\n\t\t\t\t<i aria-hidden=\"true\" class=\"fas fa-chevron-left\"><\/i>\t\t\t<\/span>\n\t\t\t\t\t\t\t\t\t<span class=\"elementor-button-text\">Prev<\/span>\n\t\t\t\t\t<\/span>\n\t\t\t\t\t<\/a>\n\t\t\t\t<\/div>\n\t\t\t\t\t\t\t\t<\/div>\n\t\t\t\t<\/div>\n\t\t\t\t<div class=\"elementor-element elementor-element-de4b8de elementor-widget elementor-widget-button\" data-id=\"de4b8de\" data-element_type=\"widget\" data-e-type=\"widget\" data-widget_type=\"button.default\">\n\t\t\t\t<div class=\"elementor-widget-container\">\n\t\t\t\t\t\t\t\t\t<div class=\"elementor-button-wrapper\">\n\t\t\t\t\t<a class=\"elementor-button elementor-button-link elementor-size-sm\" href=\"https:\/\/atelierglaz-archi.com\/en\/projets\/\">\n\t\t\t\t\t\t<span class=\"elementor-button-content-wrapper\">\n\t\t\t\t\t\t<span class=\"elementor-button-icon\">\n\t\t\t\t<i aria-hidden=\"true\" class=\"fas fa-chevron-right\"><\/i>\t\t\t<\/span>\n\t\t\t\t\t\t\t\t\t<span class=\"elementor-button-text\">Next<\/span>\n\t\t\t\t\t<\/span>\n\t\t\t\t\t<\/a>\n\t\t\t\t<\/div>\n\t\t\t\t\t\t\t\t<\/div>\n\t\t\t\t<\/div>\n\t\t\t\t<\/div>\n\t\t\t\t<\/div>\n\t\t\t\t\t<\/div>\n\t\t\t\t<\/div>\n\t\t\t\t<\/div>","protected":false},"excerpt":{"rendered":"<p>Atelier Glaz : Agence d\u2019Architecture et Design d\u2019Int\u00e9rieur en Bretagne Sud L&rsquo;Harmonie entre Contexte Local et Vision Globale \u00c0 propos de nous Atelier Glaz est un studio d\u2019architecture et de design d\u2019int\u00e9rieur fond\u00e9 \u00e0 Bali, aujourd\u2019hui bas\u00e9 en Bretagne, en France. Cr\u00e9\u00e9 en 2019 sous le nom de\u00a0M Plus T Studio, notre bureau repose sur [&hellip;]<\/p>\n","protected":false},"author":1,"featured_media":3415,"parent":0,"menu_order":0,"comment_status":"closed","ping_status":"closed","template":"","meta":{"_eb_attr":"","_uag_custom_page_level_css":"","site-sidebar-layout":"no-sidebar","site-content-layout":"page-builder","ast-site-content-layout":"full-width-container","site-content-style":"unboxed","site-sidebar-style":"unboxed","ast-global-header-display":"","ast-banner-title-visibility":"","ast-main-header-display":"","ast-hfb-above-header-display":"","ast-hfb-below-header-display":"","ast-hfb-mobile-header-display":"","site-post-title":"disabled","ast-breadcrumbs-content":"","ast-featured-img":"disabled","footer-sml-layout":"","ast-disable-related-posts":"","theme-transparent-header-meta":"enabled","adv-header-id-meta":"","stick-header-meta":"","header-above-stick-meta":"","header-main-stick-meta":"","header-below-stick-meta":"","astra-migrate-meta-layouts":"set","ast-page-background-enabled":"default","ast-page-background-meta":{"desktop":{"background-color":"","background-image":"","background-repeat":"repeat","background-position":"center center","background-size":"auto","background-attachment":"scroll","background-type":"","background-media":"","overlay-type":"","overlay-color":"","overlay-opacity":"","overlay-gradient":""},"tablet":{"background-color":"","background-image":"","background-repeat":"repeat","background-position":"center center","background-size":"auto","background-attachment":"scroll","background-type":"","background-media":"","overlay-type":"","overlay-color":"","overlay-opacity":"","overlay-gradient":""},"mobile":{"background-color":"","background-image":"","background-repeat":"repeat","background-position":"center center","background-size":"auto","background-attachment":"scroll","background-type":"","background-media":"","overlay-type":"","overlay-color":"","overlay-opacity":"","overlay-gradient":""}},"ast-content-background-meta":{"desktop":{"background-color":"var(--ast-global-color-5)","background-image":"","background-repeat":"repeat","background-position":"center center","background-size":"auto","background-attachment":"scroll","background-type":"","background-media":"","overlay-type":"","overlay-color":"","overlay-opacity":"","overlay-gradient":""},"tablet":{"background-color":"var(--ast-global-color-5)","background-image":"","background-repeat":"repeat","background-position":"center center","background-size":"auto","background-attachment":"scroll","background-type":"","background-media":"","overlay-type":"","overlay-color":"","overlay-opacity":"","overlay-gradient":""},"mobile":{"background-color":"var(--ast-global-color-5)","background-image":"","background-repeat":"repeat","background-position":"center center","background-size":"auto","background-attachment":"scroll","background-type":"","background-media":"","overlay-type":"","overlay-color":"","overlay-opacity":"","overlay-gradient":""}},"footnotes":""},"class_list":["post-8","page","type-page","status-publish","has-post-thumbnail","hentry"],"_hostinger_reach_plugin_has_subscription_block":false,"_hostinger_reach_plugin_is_elementor":false,"uagb_featured_image_src":{"full":["https:\/\/atelierglaz-archi.com\/wp-content\/uploads\/2025\/07\/05-Public-pool.jpg",1920,1080,false],"thumbnail":["https:\/\/atelierglaz-archi.com\/wp-content\/uploads\/2025\/07\/05-Public-pool-150x150.jpg",150,150,true],"medium":["https:\/\/atelierglaz-archi.com\/wp-content\/uploads\/2025\/07\/05-Public-pool-300x169.jpg",300,169,true],"medium_large":["https:\/\/atelierglaz-archi.com\/wp-content\/uploads\/2025\/07\/05-Public-pool-768x432.jpg",768,432,true],"large":["https:\/\/atelierglaz-archi.com\/wp-content\/uploads\/2025\/07\/05-Public-pool-1024x576.jpg",1024,576,true],"1536x1536":["https:\/\/atelierglaz-archi.com\/wp-content\/uploads\/2025\/07\/05-Public-pool-1536x864.jpg",1536,864,true],"2048x2048":["https:\/\/atelierglaz-archi.com\/wp-content\/uploads\/2025\/07\/05-Public-pool.jpg",1920,1080,false],"trp-custom-language-flag":["https:\/\/atelierglaz-archi.com\/wp-content\/uploads\/2025\/07\/05-Public-pool-18x10.jpg",18,10,true]},"uagb_author_info":{"display_name":"atelierglazarchitecture@gmail.com","author_link":"https:\/\/atelierglaz-archi.com\/en\/author\/atelierglazarchitecturegmail-com\/"},"uagb_comment_info":0,"uagb_excerpt":"Atelier Glaz : Agence d\u2019Architecture et Design d\u2019Int\u00e9rieur en Bretagne Sud L&rsquo;Harmonie entre Contexte Local et Vision Globale \u00c0 propos de nous Atelier Glaz est un studio d\u2019architecture et de design d\u2019int\u00e9rieur fond\u00e9 \u00e0 Bali, aujourd\u2019hui bas\u00e9 en Bretagne, en France. Cr\u00e9\u00e9 en 2019 sous le nom de\u00a0M Plus T Studio, notre bureau repose sur&hellip;","rttpg_featured_image_url":{"full":["https:\/\/atelierglaz-archi.com\/wp-content\/uploads\/2025\/07\/05-Public-pool.jpg",1920,1080,false],"landscape":["https:\/\/atelierglaz-archi.com\/wp-content\/uploads\/2025\/07\/05-Public-pool.jpg",1920,1080,false],"portraits":["https:\/\/atelierglaz-archi.com\/wp-content\/uploads\/2025\/07\/05-Public-pool.jpg",1920,1080,false],"thumbnail":["https:\/\/atelierglaz-archi.com\/wp-content\/uploads\/2025\/07\/05-Public-pool-150x150.jpg",150,150,true],"medium":["https:\/\/atelierglaz-archi.com\/wp-content\/uploads\/2025\/07\/05-Public-pool-300x169.jpg",300,169,true],"large":["https:\/\/atelierglaz-archi.com\/wp-content\/uploads\/2025\/07\/05-Public-pool-1024x576.jpg",1024,576,true],"1536x1536":["https:\/\/atelierglaz-archi.com\/wp-content\/uploads\/2025\/07\/05-Public-pool-1536x864.jpg",1536,864,true],"2048x2048":["https:\/\/atelierglaz-archi.com\/wp-content\/uploads\/2025\/07\/05-Public-pool.jpg",1920,1080,false],"trp-custom-language-flag":["https:\/\/atelierglaz-archi.com\/wp-content\/uploads\/2025\/07\/05-Public-pool-18x10.jpg",18,10,true]},"rttpg_author":{"display_name":"atelierglazarchitecture@gmail.com","author_link":"https:\/\/atelierglaz-archi.com\/en\/author\/atelierglazarchitecturegmail-com\/"},"rttpg_comment":0,"rttpg_category":null,"rttpg_excerpt":"Atelier Glaz : Agence d\u2019Architecture et Design d\u2019Int\u00e9rieur en Bretagne Sud L&rsquo;Harmonie entre Contexte Local et Vision Globale \u00c0 propos de nous Atelier Glaz est un studio d\u2019architecture et de design d\u2019int\u00e9rieur fond\u00e9 \u00e0 Bali, aujourd\u2019hui bas\u00e9 en Bretagne, en France. Cr\u00e9\u00e9 en 2019 sous le nom de\u00a0M Plus T Studio, notre bureau repose sur&hellip;","_links":{"self":[{"href":"https:\/\/atelierglaz-archi.com\/en\/wp-json\/wp\/v2\/pages\/8","targetHints":{"allow":["GET"]}}],"collection":[{"href":"https:\/\/atelierglaz-archi.com\/en\/wp-json\/wp\/v2\/pages"}],"about":[{"href":"https:\/\/atelierglaz-archi.com\/en\/wp-json\/wp\/v2\/types\/page"}],"author":[{"embeddable":true,"href":"https:\/\/atelierglaz-archi.com\/en\/wp-json\/wp\/v2\/users\/1"}],"replies":[{"embeddable":true,"href":"https:\/\/atelierglaz-archi.com\/en\/wp-json\/wp\/v2\/comments?post=8"}],"version-history":[{"count":221,"href":"https:\/\/atelierglaz-archi.com\/en\/wp-json\/wp\/v2\/pages\/8\/revisions"}],"predecessor-version":[{"id":6564,"href":"https:\/\/atelierglaz-archi.com\/en\/wp-json\/wp\/v2\/pages\/8\/revisions\/6564"}],"wp:featuredmedia":[{"embeddable":true,"href":"https:\/\/atelierglaz-archi.com\/en\/wp-json\/wp\/v2\/media\/3415"}],"wp:attachment":[{"href":"https:\/\/atelierglaz-archi.com\/en\/wp-json\/wp\/v2\/media?parent=8"}],"curies":[{"name":"wp","href":"https:\/\/api.w.org\/{rel}","templated":true}]}}